{"id":11,"date":"2025-11-28T08:26:22","date_gmt":"2025-11-28T07:26:22","guid":{"rendered":"https:\/\/dostop-ostomaz.splet.arnes.si\/?page_id=11"},"modified":"2025-11-28T14:05:08","modified_gmt":"2025-11-28T13:05:08","slug":"razredi","status":"publish","type":"page","link":"https:\/\/dostop-ostomaz.si\/?page_id=11","title":{"rendered":"Razredi"},"content":{"rendered":"\n<p>Razredi:<\/p>\n\n\n\n<p>1 a 18 u\u010dencev<\/p>\n\n\n\n<p class=\"has-text-align-left\">2 a 20 u\u010dencev<\/p>\n\n\n\n<p>3 a 16+1 u\u010denec<\/p>\n\n\n\n<p>4 a 17 u\u010dencev<\/p>\n\n\n\n<p>5 a 15 u\u010dencev<\/p>\n\n\n\n<p>6 a 26 u\u010dencev<\/p>\n\n\n\n<p>7 a 17 u\u010dencev<\/p>\n\n\n\n<p>8 a  9 u\u010dencev<\/p>\n\n\n\n<p>9 a 19 u\u010dencev<\/p>\n\n\n\n<p>Skupaj 158 u\u010dencev<\/p>\n\n\n\n<p>Oddelki na \u0161oli:<\/p>\n\n\n\n<p>1.a<\/p>\n\n\n\n<p>2.a<\/p>\n\n\n\n<p>3.a<\/p>\n\n\n\n<p>4.a<\/p>\n\n\n\n<p>5.a<\/p>\n\n\n\n<p>6.a<\/p>\n\n\n\n<p>7.a<\/p>\n\n\n\n<p>8.a<\/p>\n\n\n\n<p>9.a<\/p>\n\n\n\n<p><\/p>\n\n\n\n<p><\/p>\n","protected":false},"excerpt":{"rendered":"<p>Razredi: 1 a 18 u\u010dencev 2 a 20 u\u010dencev 3 a 16+1 u\u010denec 4 a 17 u\u010dencev 5 a 15 u\u010dencev 6 a 26 u\u010dencev 7 a 17 u\u010dencev 8 [&hellip;]<\/p>\n","protected":false},"author":735,"featured_media":0,"parent":0,"menu_order":0,"comment_status":"closed","ping_status":"closed","template":"","meta":{"footnotes":""},"class_list":["post-11","page","type-page","status-publish","hentry"],"_links":{"self":[{"href":"https:\/\/dostop-ostomaz.si\/index.php?rest_route=\/wp\/v2\/pages\/11","targetHints":{"allow":["GET"]}}],"collection":[{"href":"https:\/\/dostop-ostomaz.si\/index.php?rest_route=\/wp\/v2\/pages"}],"about":[{"href":"https:\/\/dostop-ostomaz.si\/index.php?rest_route=\/wp\/v2\/types\/page"}],"author":[{"embeddable":true,"href":"https:\/\/dostop-ostomaz.si\/index.php?rest_route=\/wp\/v2\/users\/735"}],"replies":[{"embeddable":true,"href":"https:\/\/dostop-ostomaz.si\/index.php?rest_route=%2Fwp%2Fv2%2Fcomments&post=11"}],"version-history":[{"count":2,"href":"https:\/\/dostop-ostomaz.si\/index.php?rest_route=\/wp\/v2\/pages\/11\/revisions"}],"predecessor-version":[{"id":68,"href":"https:\/\/dostop-ostomaz.si\/index.php?rest_route=\/wp\/v2\/pages\/11\/revisions\/68"}],"wp:attachment":[{"href":"https:\/\/dostop-ostomaz.si\/index.php?rest_route=%2Fwp%2Fv2%2Fmedia&parent=11"}],"curies":[{"name":"wp","href":"https:\/\/api.w.org\/{rel}","templated":true}]}}