{"id":15,"date":"2025-11-28T08:27:40","date_gmt":"2025-11-28T07:27:40","guid":{"rendered":"https:\/\/dostop-ostomaz.splet.arnes.si\/?page_id=15"},"modified":"2025-11-30T11:25:14","modified_gmt":"2025-11-30T10:25:14","slug":"veljavni-predpisi-na-podrocju-vzgoje-in-izobrazevanja","status":"publish","type":"page","link":"https:\/\/dostop-ostomaz.si\/?page_id=15","title":{"rendered":"Veljavni predpisi na podro\u010dju vzgoje in izobra\u017eevanja"},"content":{"rendered":"\n<p>Vse predpise na podro\u010dju vzgoje in izobra\u017eevanj, ki urejajo delovanje, upravljanje in financiranje zavodov, zaposlovanje v zavodih, sodelovanje s star\u0161i in varovanje osebnih podatkov, si lahko preberete na spodnjih povezavah.<\/p>\n\n\n\n<p><a href=\"https:\/\/www.gov.si\/drzavni-organi\/ministrstva\/ministrstvo-za-vzgojo-in-izobrazevanje\/zakonodaja\/#e9729\" target=\"_blank\" rel=\"noreferrer noopener\">Skupni zakoni na podro\u010dju izobra\u017eevanja<\/a><\/p>\n\n\n\n<ul class=\"wp-block-list\">\n<li><a href=\"https:\/\/www.gov.si\/drzavni-organi\/ministrstva\/ministrstvo-za-vzgojo-in-izobrazevanje\/zakonodaja\/#e25821\" target=\"_blank\" rel=\"noreferrer noopener\">Podzakonski akti na podlagi ZOFVI<\/a><\/li>\n\n\n\n<li><a href=\"https:\/\/www.gov.si\/drzavni-organi\/ministrstva\/ministrstvo-za-vzgojo-in-izobrazevanje\/zakonodaja\/#e25940\" target=\"_blank\" rel=\"noreferrer noopener\">Podzakonski akti na podlagi ZUOPP-1<\/a><\/li>\n\n\n\n<li><a href=\"https:\/\/www.gov.si\/drzavni-organi\/ministrstva\/ministrstvo-za-vzgojo-in-izobrazevanje\/zakonodaja\/#e25939\" target=\"_blank\" rel=\"noreferrer noopener\">Podzakonski akti na podlagi ZPIMVI<\/a><\/li>\n\n\n\n<li><a href=\"https:\/\/www.gov.si\/drzavni-organi\/ministrstva\/ministrstvo-za-vzgojo-in-izobrazevanje\/zakonodaja\/#e25949\" target=\"_blank\" rel=\"noreferrer noopener\">Podzakonski akti na podlagi ZIMPVI<\/a><\/li>\n\n\n\n<li><a href=\"https:\/\/www.gov.si\/drzavni-organi\/ministrstva\/ministrstvo-za-vzgojo-in-izobrazevanje\/zakonodaja\/#e25954\" target=\"_blank\" rel=\"noreferrer noopener\">Ostali podzakonski predpisi<\/a><\/li>\n<\/ul>\n\n\n\n<p><a href=\"https:\/\/www.gov.si\/drzavni-organi\/ministrstva\/ministrstvo-za-vzgojo-in-izobrazevanje\/zakonodaja\/#e25961\" target=\"_blank\" rel=\"noreferrer noopener\">Zakoni na podro\u010dju pred\u0161olske vzgoje<\/a><\/p>\n\n\n\n<ul class=\"wp-block-list\">\n<li><a href=\"https:\/\/www.gov.si\/drzavni-organi\/ministrstva\/ministrstvo-za-vzgojo-in-izobrazevanje\/zakonodaja\/#e25965\" target=\"_blank\" rel=\"noreferrer noopener\">Podzakonski predpisi na podro\u010dju pred\u0161olske vzgoje<\/a><\/li>\n<\/ul>\n\n\n\n<p><a href=\"https:\/\/www.gov.si\/drzavni-organi\/ministrstva\/ministrstvo-za-vzgojo-in-izobrazevanje\/zakonodaja\/#e27176\" target=\"_blank\" rel=\"noreferrer noopener\">Zakoni na podro\u010dju osnovno\u0161olskega in glasbenega izobra\u017eevanja<\/a><\/p>\n\n\n\n<ul class=\"wp-block-list\">\n<li><a href=\"https:\/\/www.gov.si\/drzavni-organi\/ministrstva\/ministrstvo-za-vzgojo-in-izobrazevanje\/zakonodaja\/#e27184\" target=\"_blank\" rel=\"noreferrer noopener\">Podzakonski akti, izdani na podlagi Zakona o osnovni \u0161oli<\/a><\/li>\n\n\n\n<li><a href=\"https:\/\/www.gov.si\/drzavni-organi\/ministrstva\/ministrstvo-za-vzgojo-in-izobrazevanje\/zakonodaja\/#e27207\" target=\"_blank\" rel=\"noreferrer noopener\">Podzakonski akti, izdani na podlagi Zakona o glasbenih \u0161olah<\/a><\/li>\n<\/ul>\n\n\n\n<p><a href=\"https:\/\/www.gov.si\/drzavni-organi\/ministrstva\/ministrstvo-za-vzgojo-in-izobrazevanje\/zakonodaja\/#e27222\" target=\"_blank\" rel=\"noreferrer noopener\">Zakoni na podro\u010dju srednje\u0161olskega izobra\u017eevanja<\/a><\/p>\n\n\n\n<ul class=\"wp-block-list\">\n<li><a href=\"https:\/\/www.gov.si\/drzavni-organi\/ministrstva\/ministrstvo-za-vzgojo-in-izobrazevanje\/zakonodaja\/#e27230\" target=\"_blank\" rel=\"noreferrer noopener\">Podzakonski predpisi za podro\u010dje srednje\u0161olskega izobra\u017eevanja<\/a><\/li>\n<\/ul>\n\n\n\n<p><a href=\"https:\/\/www.gov.si\/drzavni-organi\/ministrstva\/ministrstvo-za-vzgojo-in-izobrazevanje\/zakonodaja\/#e27303\" target=\"_blank\" rel=\"noreferrer noopener\">Zakoni na podro\u010dju vi\u0161je\u0161olskega izobra\u017eevanja<\/a><\/p>\n\n\n\n<ul class=\"wp-block-list\">\n<li><a href=\"https:\/\/www.gov.si\/drzavni-organi\/ministrstva\/ministrstvo-za-vzgojo-in-izobrazevanje\/zakonodaja\/#e27305\" target=\"_blank\" rel=\"noreferrer noopener\">Podzakonski predpisi na podro\u010dju vi\u0161je\u0161olskega izobra\u017eevanja<\/a><\/li>\n<\/ul>\n\n\n\n<p><a href=\"https:\/\/www.gov.si\/drzavni-organi\/ministrstva\/ministrstvo-za-vzgojo-in-izobrazevanje\/zakonodaja\/#e27779\" target=\"_blank\" rel=\"noreferrer noopener\">Zakoni na podro\u010dju izobra\u017eevanja odraslih<\/a><\/p>\n\n\n\n<ul class=\"wp-block-list\">\n<li><a href=\"https:\/\/www.gov.si\/drzavni-organi\/ministrstva\/ministrstvo-za-vzgojo-in-izobrazevanje\/zakonodaja\/#e27782\" target=\"_blank\" rel=\"noreferrer noopener\">Podzakonski predpisi, ki urejajo izobra\u017eevanje odraslih<\/a><\/li>\n\n\n\n<li><a href=\"https:\/\/www.mizs.gov.si\/si\/zakonodaja_in_dokumenti\/veljavni_predpisi_s_podrocja_izobrazevanja\/izobrazevanje_odraslih\/#c22600\" target=\"_blank\" rel=\"noreferrer noopener\">Programi splo\u0161nega opismenjevanja<\/a><\/li>\n\n\n\n<li><a href=\"https:\/\/www.mizs.gov.si\/si\/zakonodaja_in_dokumenti\/veljavni_predpisi_s_podrocja_izobrazevanja\/izobrazevanje_odraslih\/#c22601\" target=\"_blank\" rel=\"noreferrer noopener\">Programi za integracijo priseljencev<\/a><\/li>\n\n\n\n<li><a href=\"https:\/\/www.mizs.gov.si\/si\/zakonodaja_in_dokumenti\/veljavni_predpisi_s_podrocja_izobrazevanja\/izobrazevanje_odraslih\/#c22602\" target=\"_blank\" rel=\"noreferrer noopener\">Programi za mlaj\u0161e odrasle<\/a><\/li>\n\n\n\n<li><a href=\"https:\/\/www.mizs.gov.si\/si\/zakonodaja_in_dokumenti\/veljavni_predpisi_s_podrocja_izobrazevanja\/izobrazevanje_odraslih\/#c22603\" target=\"_blank\" rel=\"noreferrer noopener\">Jezikovni programi<\/a><\/li>\n<\/ul>\n\n\n\n<p><a href=\"https:\/\/www.gov.si\/drzavni-organi\/ministrstva\/ministrstvo-za-vzgojo-in-izobrazevanje\/zakonodaja\/#e27853\" target=\"_blank\" rel=\"noreferrer noopener\">Predpisi na podro\u010dju kadrov v vzgoji in izobra\u017eevanju<\/a><\/p>\n\n\n\n<ul class=\"wp-block-list\">\n<li><a href=\"https:\/\/www.gov.si\/drzavni-organi\/ministrstva\/ministrstvo-za-vzgojo-in-izobrazevanje\/zakonodaja\/#e27853\" target=\"_blank\" rel=\"noreferrer noopener\">Podzakonski predpisi, povezani z dejavnostjo na podro\u010dju kadrov v vzgoji in izobra\u017eevanju<\/a><\/li>\n\n\n\n<li><a href=\"https:\/\/www.gov.si\/drzavni-organi\/ministrstva\/ministrstvo-za-vzgojo-in-izobrazevanje\/zakonodaja\/#e27857\" target=\"_blank\" rel=\"noreferrer noopener\">Podzakonski predpisi, povezani z izobrazbenimi pogoji na podro\u010dju kadrov v vzgoji in izobra\u017eevanju<\/a><\/li>\n\n\n\n<li><a href=\"https:\/\/www.gov.si\/drzavni-organi\/ministrstva\/ministrstvo-za-vzgojo-in-izobrazevanje\/zakonodaja\/#e27918\" target=\"_blank\" rel=\"noreferrer noopener\">Ostali predpisi, povezani s kadri na podro\u010dju vzgoje in izobra\u017eevanja<\/a><\/li>\n<\/ul>\n\n\n\n<p><strong>Programi vzgoje in izobra\u017eevanja<\/strong><\/p>\n\n\n\n<p>Vse o u\u010dnih na\u010drtih, predmetih in izobra\u017eevalnih standardih si lahko preberete na spodnjih povezavah:<\/p>\n\n\n\n<ul class=\"wp-block-list\">\n<li><a href=\"https:\/\/www.gov.si\/teme\/izvajanje-predsolske-vzgoje\/\" target=\"_blank\" rel=\"noreferrer noopener\">Usmeritve za izvajanje pred\u0161olske vzgoje<\/a><\/li>\n\n\n\n<li><a href=\"https:\/\/www.gov.si\/teme\/programi-in-ucni-nacrti-v-osnovni-soli\/\" target=\"_blank\" rel=\"noreferrer noopener\">Programi in u\u010dni na\u010drti v osnovni \u0161oli<\/a><\/li>\n\n\n\n<li><a href=\"https:\/\/www.gov.si\/teme\/programi-v-glasbenem-izobrazevanju\/\" target=\"_blank\" rel=\"noreferrer noopener\">Programi v glasbenem izobra\u017eevanju<\/a><\/li>\n\n\n\n<li><a href=\"https:\/\/www.gov.si\/teme\/splosno-srednjesolsko-izobrazevanje\/\" target=\"_blank\" rel=\"noreferrer noopener\">Splo\u0161no srednje\u0161olsko izobra\u017eevanje<\/a><\/li>\n<\/ul>\n\n\n\n<p><a href=\"https:\/\/https\/www.gov.si\/teme\/poklicno-in-strokovno-izobrazevanje\/\" target=\"_blank\" rel=\"noreferrer noopener\">Poklicno in strokovno srednje\u0161olsko izobra\u017eevanje<\/a><\/p>\n","protected":false},"excerpt":{"rendered":"<p>Vse predpise na podro\u010dju vzgoje in izobra\u017eevanj, ki urejajo delovanje, upravljanje in financiranje zavodov, zaposlovanje v zavodih, sodelovanje s star\u0161i in varovanje osebnih podatkov, si lahko preberete na spodnjih povezavah. [&hellip;]<\/p>\n","protected":false},"author":735,"featured_media":0,"parent":0,"menu_order":0,"comment_status":"closed","ping_status":"closed","template":"","meta":{"footnotes":""},"class_list":["post-15","page","type-page","status-publish","hentry"],"_links":{"self":[{"href":"https:\/\/dostop-ostomaz.si\/index.php?rest_route=\/wp\/v2\/pages\/15","targetHints":{"allow":["GET"]}}],"collection":[{"href":"https:\/\/dostop-ostomaz.si\/index.php?rest_route=\/wp\/v2\/pages"}],"about":[{"href":"https:\/\/dostop-ostomaz.si\/index.php?rest_route=\/wp\/v2\/types\/page"}],"author":[{"embeddable":true,"href":"https:\/\/dostop-ostomaz.si\/index.php?rest_route=\/wp\/v2\/users\/735"}],"replies":[{"embeddable":true,"href":"https:\/\/dostop-ostomaz.si\/index.php?rest_route=%2Fwp%2Fv2%2Fcomments&post=15"}],"version-history":[{"count":2,"href":"https:\/\/dostop-ostomaz.si\/index.php?rest_route=\/wp\/v2\/pages\/15\/revisions"}],"predecessor-version":[{"id":80,"href":"https:\/\/dostop-ostomaz.si\/index.php?rest_route=\/wp\/v2\/pages\/15\/revisions\/80"}],"wp:attachment":[{"href":"https:\/\/dostop-ostomaz.si\/index.php?rest_route=%2Fwp%2Fv2%2Fmedia&parent=15"}],"curies":[{"name":"wp","href":"https:\/\/api.w.org\/{rel}","templated":true}]}}