{"id":6,"date":"2025-11-28T08:22:30","date_gmt":"2025-11-28T07:22:30","guid":{"rendered":"https:\/\/dostop-ostomaz.splet.arnes.si\/?page_id=6"},"modified":"2025-11-28T14:43:34","modified_gmt":"2025-11-28T13:43:34","slug":"osnovni-podatki","status":"publish","type":"page","link":"https:\/\/dostop-ostomaz.si\/?page_id=6","title":{"rendered":"Osnovni podatki"},"content":{"rendered":"\n<p><strong>Naziv:&nbsp;<\/strong>Osnovna \u0161ola Sveti Toma\u017e<br><strong>Naslov:&nbsp;<\/strong>Sveti Toma\u017e 11, 2258 Sveti Toma\u017e<br><strong>Telefon:&nbsp;<\/strong>02 7195 105<br><strong>Email:&nbsp;<\/strong><a href=\"mailto:os.tomaz-ormoz@guest.arnes.si\">os.tomaz-ormoz@guest.arnes.si<\/a><br><strong>Spletna stran:&nbsp;<\/strong><a href=\"http:\/\/www.os-dekani.si\/\">www.ostomaz.si<\/a><br><strong>Dav\u010dna \u0161tevilka:<\/strong> 70846057<br><strong>Mati\u010dna \u0161tevilka:&nbsp;<\/strong>5089166000<\/p>\n\n\n\n<p><strong>Transakcijski ra\u010dun:&nbsp;<\/strong>SI56 011006000034652<\/p>\n\n\n\n<p>Odgovorna oseba<\/p>\n\n\n\n<p>Marko Lali\u0107<br>02 713 30 50<br>marko.lalic@guest.arnes.si<\/p>\n\n\n\n<p>\u0160olski \u010das<\/p>\n\n\n\n<p>POSLOVNI \u010cAS:<br>\u2013 \u0160ola posluje pet dni v tednu, in sicer od ponedeljka do petka med 6.00 in 17.00.<br>\u2013 Poslovni \u010das \u0161olske uprave, tajni\u0161tva in svetovalne slu\u017ebe je od 7.00 do 15.00.<br>\u2013 Poslovni \u010das \u0161olske knji\u017enice je od 7.30 do 15.30.<br>\u2013 Poslovni \u010das \u0161olske kuhinje je od 6.30 do 14.30, poslovni \u010das tehni\u010dnega vzdr\u017eevanja je od 6.30 do 14.30, \u010di\u0161\u010denja \u0161ole pa od 14.00 do 22.00.<br>\u2013 Poslovni \u010das ob sobotah je dolo\u010den s \u0161olskim koledarjem in Letnim delovnim na\u010drtom \u0161ole.<br><br>URADNE URE:<br>\u2013 Uradne ure so namenjene poslovanju z uporabniki storitev. \u0160ola ima uradne ure vsak delovni dan.<br>\u2013 Uradne ure tajni\u0161tva \u0161ole, ra\u010dunovodstva in knjigovodstva so vsak delovni dan od 7.00 do 9.00 in od 14.00 do 15.00.<br>\u2013 Glede na naravo dela in vrsto nalog imajo pedago\u0161ki delavci dolo\u010den \u010das za sodelovanje s star\u0161i in<br>sicer:<br>\u2013 popoldanske pogovorne ure,<br>\u2013 roditeljske sestanke,<br>\u2013 dopoldanske pogovorne ure,<br>\u2013 druge oblike dela s star\u0161i.<br>\u2013 Oblike sodelovanja s star\u0161i so dolo\u010dene z letnim delovnim na\u010drtom \u0161ole.<\/p>\n\n\n\n<p>\u0160olski okoli\u0161<\/p>\n\n\n\n<p>\u0160olski okoli\u0161 iz katerega prihajajo u\u010denci zajema naslednje kraje: Bratone\u010dice, Gradi\u0161\u010de, Gornji Klju\u010darovci, Hranjigovci, Kora\u010dice, Mala vas, Mezgovci, Pr\u0161etinci, Rakovci, Rucmanci, Savci, Sejanci, Sen\u010dak, Senik, Sv. Toma\u017e, Trnovci, Zagorje. Najve\u010d \u0161oloobveznih otrok je v naseljih Kora\u010dice, Rucmanci in Savci.<\/p>\n\n\n\n<p>Podatki o ustanovitelju<\/p>\n\n\n\n<p>Ob\u010dina Sveti Toma\u017e<br>Sveti Toma\u017e 37, 2258 Sveti Toma\u017e<br>02 741 66 00<br>obcina@sv-tomaz.si<br>www.sv-tomaz.si<\/p>\n\n\n\n<p><\/p>\n","protected":false},"excerpt":{"rendered":"<p>Naziv:&nbsp;Osnovna \u0161ola Sveti Toma\u017eNaslov:&nbsp;Sveti Toma\u017e 11, 2258 Sveti Toma\u017eTelefon:&nbsp;02 7195 105Email:&nbsp;os.tomaz-ormoz@guest.arnes.siSpletna stran:&nbsp;www.ostomaz.siDav\u010dna \u0161tevilka: 70846057Mati\u010dna \u0161tevilka:&nbsp;5089166000 Transakcijski ra\u010dun:&nbsp;SI56 011006000034652 Odgovorna oseba Marko Lali\u010702 713 30 50marko.lalic@guest.arnes.si \u0160olski \u010das POSLOVNI \u010cAS:\u2013 \u0160ola [&hellip;]<\/p>\n","protected":false},"author":735,"featured_media":0,"parent":0,"menu_order":0,"comment_status":"closed","ping_status":"closed","template":"","meta":{"footnotes":""},"class_list":["post-6","page","type-page","status-publish","hentry"],"_links":{"self":[{"href":"https:\/\/dostop-ostomaz.si\/index.php?rest_route=\/wp\/v2\/pages\/6","targetHints":{"allow":["GET"]}}],"collection":[{"href":"https:\/\/dostop-ostomaz.si\/index.php?rest_route=\/wp\/v2\/pages"}],"about":[{"href":"https:\/\/dostop-ostomaz.si\/index.php?rest_route=\/wp\/v2\/types\/page"}],"author":[{"embeddable":true,"href":"https:\/\/dostop-ostomaz.si\/index.php?rest_route=\/wp\/v2\/users\/735"}],"replies":[{"embeddable":true,"href":"https:\/\/dostop-ostomaz.si\/index.php?rest_route=%2Fwp%2Fv2%2Fcomments&post=6"}],"version-history":[{"count":4,"href":"https:\/\/dostop-ostomaz.si\/index.php?rest_route=\/wp\/v2\/pages\/6\/revisions"}],"predecessor-version":[{"id":74,"href":"https:\/\/dostop-ostomaz.si\/index.php?rest_route=\/wp\/v2\/pages\/6\/revisions\/74"}],"wp:attachment":[{"href":"https:\/\/dostop-ostomaz.si\/index.php?rest_route=%2Fwp%2Fv2%2Fmedia&parent=6"}],"curies":[{"name":"wp","href":"https:\/\/api.w.org\/{rel}","templated":true}]}}